{"id":3178,"date":"2023-03-19T02:55:37","date_gmt":"2023-03-19T01:55:37","guid":{"rendered":"https:\/\/bantayanparadise.com\/blog\/"},"modified":"2026-01-31T20:21:37","modified_gmt":"2026-01-31T19:21:37","slug":"blog","status":"publish","type":"page","link":"https:\/\/bantayanparadise.com\/pl\/blog\/","title":{"rendered":"Blog"},"content":{"rendered":"\t\t<div data-elementor-type=\"wp-page\" data-elementor-id=\"3178\" class=\"elementor elementor-3178 elementor-783\">\n\t\t\t\t\t\t<section class=\"elementor-section elementor-top-section elementor-element elementor-element-51b883a elementor-section-height-min-height cs-section-content-fullwidth cs-parallax-on-scroll cs_scroll_y_100 elementor-section-boxed elementor-section-height-default elementor-section-items-middle\" data-id=\"51b883a\" data-element_type=\"section\" data-settings=\"{&quot;background_background&quot;:&quot;classic&quot;}\" data-cs-parallax-y=\"100\" style=\"background-image: none;\" data-cs-background-image=\"https:\/\/bantayanparadise.com\/wp-content\/uploads\/2023\/05\/siravitplug-MhPJdWYWbWI-unsplash-2.jpg\" data-cs-background-image-alt-text=\"\">\n\t\t\t\t\t\t<div class=\"elementor-container elementor-column-gap-no\">\n\t\t\t\t\t<div class=\"elementor-column elementor-col-100 elementor-top-column elementor-element elementor-element-f8603f5 dark-color\" data-id=\"f8603f5\" data-element_type=\"column\">\n\t\t\t<div class=\"elementor-widget-wrap elementor-element-populated\">\n\t\t\t\t\t\t<div class=\"elementor-element elementor-element-5638ee6 elementor-widget elementor-widget-cs_title\" data-id=\"5638ee6\" data-element_type=\"widget\" data-widget_type=\"cs_title.default\">\n\t\t\t\t<div class=\"elementor-widget-container\">\n\t\t\t\t\t\n        <div class=\"cs-title-wrap text-center\">\t            <div class=\"cs-subtitle-wrap\"><span class=\"cs-subtitle color-white\">Wiadomo\u015bci i blog<\/span><\/div>\t            <h1 class=\"cs-title\">\n\t                Wiadomo\u015bci\t            <\/h1>        <\/div>\t\t\t\t<\/div>\n\t\t\t\t<\/div>\n\t\t\t\t\t<\/div>\n\t\t<\/div>\n\t\t\t\t\t<\/div>\n\t\t<\/section>\n\t\t\t\t<section class=\"elementor-section elementor-top-section elementor-element elementor-element-4d98f40 elementor-section-boxed elementor-section-height-default elementor-section-height-default\" data-id=\"4d98f40\" data-element_type=\"section\">\n\t\t\t\t\t\t<div class=\"elementor-container elementor-column-gap-no\">\n\t\t\t\t\t<div class=\"elementor-column elementor-col-100 elementor-top-column elementor-element elementor-element-a58b2d7\" data-id=\"a58b2d7\" data-element_type=\"column\">\n\t\t\t<div class=\"elementor-widget-wrap elementor-element-populated\">\n\t\t\t\t\t\t<div class=\"elementor-element elementor-element-03caef0 elementor-widget elementor-widget-cs_blog\" data-id=\"03caef0\" data-element_type=\"widget\" data-widget_type=\"cs_blog.default\">\n\t\t\t\t<div class=\"elementor-widget-container\">\n\t\t\t\t\t\t\t\t\t<div class=\"posts layout-zigzag layout-list img-ratio-3-2 with-border\">\n\t\t\t\t\t\t\t\t\t<div class=\"posts-wrapper\">\n<article class=\"post-2859 post type-post status-publish format-gallery has-post-thumbnail hentry category-bez-kategorii category-uncategorized post_format-post-format-gallery\">\n            <div class=\"featured-img\">\n        \t<a href=\"https:\/\/bantayanparadise.com\/pl\/jaka-wyspe-wybrac-przy-planowaniu-wycieczki-na-filipiny\/\"><img fetchpriority=\"high\" decoding=\"async\" width=\"780\" height=\"520\" src=\"https:\/\/bantayanparadise.com\/wp-content\/uploads\/2023\/05\/galen-crout-anPsLBVvZ_o-unsplash-780x520.jpg\" class=\"attachment-cozystay_780x9999 size-cozystay_780x9999 wp-post-image\" alt=\"\" srcset=\"https:\/\/bantayanparadise.com\/wp-content\/uploads\/2023\/05\/galen-crout-anPsLBVvZ_o-unsplash-780x520.jpg 780w, https:\/\/bantayanparadise.com\/wp-content\/uploads\/2023\/05\/galen-crout-anPsLBVvZ_o-unsplash-150x100.jpg 150w, https:\/\/bantayanparadise.com\/wp-content\/uploads\/2023\/05\/galen-crout-anPsLBVvZ_o-unsplash-600x400.jpg 600w, https:\/\/bantayanparadise.com\/wp-content\/uploads\/2023\/05\/galen-crout-anPsLBVvZ_o-unsplash-300x200.jpg 300w, https:\/\/bantayanparadise.com\/wp-content\/uploads\/2023\/05\/galen-crout-anPsLBVvZ_o-unsplash-1024x683.jpg 1024w, https:\/\/bantayanparadise.com\/wp-content\/uploads\/2023\/05\/galen-crout-anPsLBVvZ_o-unsplash-768x512.jpg 768w, https:\/\/bantayanparadise.com\/wp-content\/uploads\/2023\/05\/galen-crout-anPsLBVvZ_o-unsplash-1536x1024.jpg 1536w, https:\/\/bantayanparadise.com\/wp-content\/uploads\/2023\/05\/galen-crout-anPsLBVvZ_o-unsplash-1440x960.jpg 1440w, https:\/\/bantayanparadise.com\/wp-content\/uploads\/2023\/05\/galen-crout-anPsLBVvZ_o-unsplash-1200x800.jpg 1200w, https:\/\/bantayanparadise.com\/wp-content\/uploads\/2023\/05\/galen-crout-anPsLBVvZ_o-unsplash-550x367.jpg 550w, https:\/\/bantayanparadise.com\/wp-content\/uploads\/2023\/05\/galen-crout-anPsLBVvZ_o-unsplash-370x247.jpg 370w, https:\/\/bantayanparadise.com\/wp-content\/uploads\/2023\/05\/galen-crout-anPsLBVvZ_o-unsplash-255x170.jpg 255w, https:\/\/bantayanparadise.com\/wp-content\/uploads\/2023\/05\/galen-crout-anPsLBVvZ_o-unsplash.jpg 1920w\" sizes=\"(max-width: 780px) 100vw, 780px\" \/><\/a>        <\/div>\n\t<div class=\"post-content\">\n\t\t<header class=\"post-header\">    <h2 class=\"post-title\">\n        <a href=\"https:\/\/bantayanparadise.com\/pl\/jaka-wyspe-wybrac-przy-planowaniu-wycieczki-na-filipiny\/\">Jak\u0105 wysp\u0119 wybra\u0107 przy planowaniu wycieczki na Filipiny?<\/a>\n    <\/h2>\t\t<\/header>\t\t<div class=\"post-excerpt\"><p>Je\u015bli my\u015blisz o wyje\u017adzie na Filipiny, to warto rzuci\u0107 okiem na wysp\u0119 Bantayan. Bantayan Island le\u017cyw archipelagu Visayas na p\u00f3\u0142noc od wyspy Cebu. Dotrzesz tam &#8230;<\/p>\n<\/div>             <footer class=\"post-footer\">        <div class=\"more-btn\">\n            <a class=\"read-more-btn button cs-btn-underline\" href=\"https:\/\/bantayanparadise.com\/pl\/jaka-wyspe-wybrac-przy-planowaniu-wycieczki-na-filipiny\/\"><span>Czytaj dalej<\/span><\/a>\n        <\/div>            <\/footer>\t<\/div>\n<\/article>\n\n<article class=\"post-2881 post type-post status-publish format-standard has-post-thumbnail hentry category-bez-kategorii\">\n            <div class=\"featured-img\">\n        \t<a href=\"https:\/\/bantayanparadise.com\/pl\/gdzie-na-filipinach-spedzic-wakacje-pod-opieka-rezydenta-mowiacego-po-polsku-lub-angielsku\/\"><img decoding=\"async\" width=\"780\" height=\"520\" src=\"https:\/\/bantayanparadise.com\/wp-content\/uploads\/2023\/03\/sam-moghadam-khamseh-0sa8D74iodI-unsplash-780x520.jpg\" class=\"attachment-cozystay_780x9999 size-cozystay_780x9999 wp-post-image\" alt=\"\" srcset=\"https:\/\/bantayanparadise.com\/wp-content\/uploads\/2023\/03\/sam-moghadam-khamseh-0sa8D74iodI-unsplash-780x520.jpg 780w, https:\/\/bantayanparadise.com\/wp-content\/uploads\/2023\/03\/sam-moghadam-khamseh-0sa8D74iodI-unsplash-150x100.jpg 150w, https:\/\/bantayanparadise.com\/wp-content\/uploads\/2023\/03\/sam-moghadam-khamseh-0sa8D74iodI-unsplash-600x400.jpg 600w, https:\/\/bantayanparadise.com\/wp-content\/uploads\/2023\/03\/sam-moghadam-khamseh-0sa8D74iodI-unsplash-300x200.jpg 300w, https:\/\/bantayanparadise.com\/wp-content\/uploads\/2023\/03\/sam-moghadam-khamseh-0sa8D74iodI-unsplash-1024x683.jpg 1024w, https:\/\/bantayanparadise.com\/wp-content\/uploads\/2023\/03\/sam-moghadam-khamseh-0sa8D74iodI-unsplash-768x512.jpg 768w, https:\/\/bantayanparadise.com\/wp-content\/uploads\/2023\/03\/sam-moghadam-khamseh-0sa8D74iodI-unsplash-1536x1024.jpg 1536w, https:\/\/bantayanparadise.com\/wp-content\/uploads\/2023\/03\/sam-moghadam-khamseh-0sa8D74iodI-unsplash-1440x960.jpg 1440w, https:\/\/bantayanparadise.com\/wp-content\/uploads\/2023\/03\/sam-moghadam-khamseh-0sa8D74iodI-unsplash-1200x800.jpg 1200w, https:\/\/bantayanparadise.com\/wp-content\/uploads\/2023\/03\/sam-moghadam-khamseh-0sa8D74iodI-unsplash-550x367.jpg 550w, https:\/\/bantayanparadise.com\/wp-content\/uploads\/2023\/03\/sam-moghadam-khamseh-0sa8D74iodI-unsplash-370x247.jpg 370w, https:\/\/bantayanparadise.com\/wp-content\/uploads\/2023\/03\/sam-moghadam-khamseh-0sa8D74iodI-unsplash-255x170.jpg 255w, https:\/\/bantayanparadise.com\/wp-content\/uploads\/2023\/03\/sam-moghadam-khamseh-0sa8D74iodI-unsplash.jpg 1920w\" sizes=\"(max-width: 780px) 100vw, 780px\" \/><\/a>        <\/div>\n\t<div class=\"post-content\">\n\t\t<header class=\"post-header\">    <h2 class=\"post-title\">\n        <a href=\"https:\/\/bantayanparadise.com\/pl\/gdzie-na-filipinach-spedzic-wakacje-pod-opieka-rezydenta-mowiacego-po-polsku-lub-angielsku\/\">Gdzie na Filipinach sp\u0119dzi\u0107 wakacje pod opiek\u0105 rezydenta m\u00f3wi\u0105cego po polsku lub angielsku?<\/a>\n    <\/h2>\t\t<\/header>\t\t<div class=\"post-excerpt\"><p>Filipiny to wysypy, kt\u00f3re zachwycaj\u0105 nie tylko swoj\u0105 natur\u0105, ale te\u017c kultur\u0105. W\u015br\u00f3d wielu fajnychmiejsc, Madridejos na Wyspie Bantayan naprawd\u0119 si\u0119 wyr\u00f3\u017cnia, zw\u0142aszcza je\u015bli kto\u015b &#8230;<\/p>\n<\/div>             <footer class=\"post-footer\">        <div class=\"more-btn\">\n            <a class=\"read-more-btn button cs-btn-underline\" href=\"https:\/\/bantayanparadise.com\/pl\/gdzie-na-filipinach-spedzic-wakacje-pod-opieka-rezydenta-mowiacego-po-polsku-lub-angielsku\/\"><span>Czytaj dalej<\/span><\/a>\n        <\/div>            <\/footer>\t<\/div>\n<\/article>\n\n<article class=\"post-2884 post type-post status-publish format-standard has-post-thumbnail hentry category-bez-kategorii\">\n            <div class=\"featured-img\">\n        \t<a href=\"https:\/\/bantayanparadise.com\/pl\/island-hopping-na-bantayan-island-czyli-rajska-przygoda-po-filipinsku\/\"><img decoding=\"async\" width=\"780\" height=\"440\" src=\"https:\/\/bantayanparadise.com\/wp-content\/uploads\/2023\/05\/morgan-alley-HbnIRLqnSrQ-unsplash-3-780x440.jpg\" class=\"attachment-cozystay_780x9999 size-cozystay_780x9999 wp-post-image\" alt=\"\" srcset=\"https:\/\/bantayanparadise.com\/wp-content\/uploads\/2023\/05\/morgan-alley-HbnIRLqnSrQ-unsplash-3-780x440.jpg 780w, https:\/\/bantayanparadise.com\/wp-content\/uploads\/2023\/05\/morgan-alley-HbnIRLqnSrQ-unsplash-3-150x85.jpg 150w, https:\/\/bantayanparadise.com\/wp-content\/uploads\/2023\/05\/morgan-alley-HbnIRLqnSrQ-unsplash-3-600x338.jpg 600w, https:\/\/bantayanparadise.com\/wp-content\/uploads\/2023\/05\/morgan-alley-HbnIRLqnSrQ-unsplash-3-300x169.jpg 300w, https:\/\/bantayanparadise.com\/wp-content\/uploads\/2023\/05\/morgan-alley-HbnIRLqnSrQ-unsplash-3-1024x577.jpg 1024w, https:\/\/bantayanparadise.com\/wp-content\/uploads\/2023\/05\/morgan-alley-HbnIRLqnSrQ-unsplash-3-768x433.jpg 768w, https:\/\/bantayanparadise.com\/wp-content\/uploads\/2023\/05\/morgan-alley-HbnIRLqnSrQ-unsplash-3-1536x866.jpg 1536w, https:\/\/bantayanparadise.com\/wp-content\/uploads\/2023\/05\/morgan-alley-HbnIRLqnSrQ-unsplash-3-1440x812.jpg 1440w, https:\/\/bantayanparadise.com\/wp-content\/uploads\/2023\/05\/morgan-alley-HbnIRLqnSrQ-unsplash-3-1200x676.jpg 1200w, https:\/\/bantayanparadise.com\/wp-content\/uploads\/2023\/05\/morgan-alley-HbnIRLqnSrQ-unsplash-3-550x310.jpg 550w, https:\/\/bantayanparadise.com\/wp-content\/uploads\/2023\/05\/morgan-alley-HbnIRLqnSrQ-unsplash-3-370x209.jpg 370w, https:\/\/bantayanparadise.com\/wp-content\/uploads\/2023\/05\/morgan-alley-HbnIRLqnSrQ-unsplash-3-255x144.jpg 255w, https:\/\/bantayanparadise.com\/wp-content\/uploads\/2023\/05\/morgan-alley-HbnIRLqnSrQ-unsplash-3.jpg 1920w\" sizes=\"(max-width: 780px) 100vw, 780px\" \/><\/a>        <\/div>\n\t<div class=\"post-content\">\n\t\t<header class=\"post-header\">    <h2 class=\"post-title\">\n        <a href=\"https:\/\/bantayanparadise.com\/pl\/island-hopping-na-bantayan-island-czyli-rajska-przygoda-po-filipinsku\/\">Island Hopping na Bantayan Island \u2013 czyli rajska przygoda po filipi\u0144sku<\/a>\n    <\/h2>\t\t<\/header>\t\t<div class=\"post-excerpt\"><p>Island hopping, czyli p\u0142ywanie mi\u0119dzy wyspami \u0142odzi\u0105, to chyba jedna z najwi\u0119kszych atrakcji naBantayan Island, czyli tropikalnej pere\u0142ce na p\u00f3\u0142noc od Cebu. Dzi\u0119ki temu sposobowi &#8230;<\/p>\n<\/div>             <footer class=\"post-footer\">        <div class=\"more-btn\">\n            <a class=\"read-more-btn button cs-btn-underline\" href=\"https:\/\/bantayanparadise.com\/pl\/island-hopping-na-bantayan-island-czyli-rajska-przygoda-po-filipinsku\/\"><span>Czytaj dalej<\/span><\/a>\n        <\/div>            <\/footer>\t<\/div>\n<\/article>\n\t\t\t\t<\/div>\t\t\t\t<\/div>\t\t\t\t<\/div>\n\t\t\t\t<\/div>\n\t\t\t\t\t<\/div>\n\t\t<\/div>\n\t\t\t\t\t<\/div>\n\t\t<\/section>\n\t\t\t\t<\/div>\n\t\t","protected":false},"excerpt":{"rendered":"<p>Wiadomo\u015bci i blog Wiadomo\u015bci ENGLISH &#8211; Jak\u0105 wysp\u0119 wybra\u0107 przy planowaniu wycieczki na Filipiny? Je\u015bli my\u015blisz o wyje\u017adzie na Filipiny, to warto rzuci\u0107 okiem na wysp\u0119 Bantayan. Bantayan Island le\u017cyw archipelagu Visayas na p\u00f3\u0142noc od wyspy Cebu. Dotrzesz tam &#8230; Read More EN &#8211; Gdzie na Filipinach sp\u0119dzi\u0107 wakacje pod opiek\u0105 rezydenta m\u00f3wi\u0105cego po polsku &#8230;<\/p>\n","protected":false},"author":1,"featured_media":0,"parent":0,"menu_order":0,"comment_status":"closed","ping_status":"closed","template":"template-wide-content.php","meta":{"_monsterinsights_skip_tracking":false,"_monsterinsights_sitenote_active":false,"_monsterinsights_sitenote_note":"","_monsterinsights_sitenote_category":0,"cozystay_single_page_hide_site_header":"","cozystay_single_page_site_header_source":"","cozystay_single_page_custom_site_header":"0","cozystay_single_page_custom_sticky_site_header":"0","cozystay_single_page_hide_page_title":"on","cozystay_single_page_header_section_size":"","cozystay_single_page_header_background_color":"","cozystay_single_page_header_background_position_x":"center","cozystay_single_page_header_background_position_y":"center","cozystay_single_page_header_background_size":"cover","cozystay_single_page_header_background_repeat":"off","cozystay_single_page_header_background_scroll":"on","cozystay_single_page_header_text_color":"","cozystay_single_page_header_show_breadcrumb":"","cozystay_single_page_site_footer_hide_main":"","cozystay_single_custom_site_footer_main_source":"","cozystay_single_custom_site_footer_main":"0","cozystay_single_page_site_footer_hide_above":"","cozystay_single_custom_site_footer_above_source":"","cozystay_single_custom_site_footer_above":"0","cozystay_single_page_site_footer_hide_instagram":"","cozystay_single_page_site_footer_hide_bottom":"","cozystay_single_custom_mobile_menu_source":"","cozystay_single_custom_mobile_menu":"0","cozystay_single_custom_mobile_menu_animation":"","cozystay_single_custom_mobile_menu_width":"","cozystay_single_custom_mobile_menu_custom_width":375,"footnotes":""},"class_list":["post-3178","page","type-page","status-publish","hentry"],"yoast_head":"<!-- This site is optimized with the Yoast SEO plugin v27.4 - https:\/\/yoast.com\/product\/yoast-seo-wordpress\/ -->\n<title>Blog - Bantayan Paradise<\/title>\n<meta name=\"robots\" content=\"index, follow, max-snippet:-1, max-image-preview:large, max-video-preview:-1\" \/>\n<link rel=\"canonical\" href=\"https:\/\/bantayanparadise.com\/pl\/blog\/\" \/>\n<meta property=\"og:locale\" content=\"pl_PL\" \/>\n<meta property=\"og:type\" content=\"article\" \/>\n<meta property=\"og:title\" content=\"Blog - Bantayan Paradise\" \/>\n<meta property=\"og:description\" content=\"Wiadomo\u015bci i blog Wiadomo\u015bci ENGLISH &#8211; Jak\u0105 wysp\u0119 wybra\u0107 przy planowaniu wycieczki na Filipiny? Je\u015bli my\u015blisz o wyje\u017adzie na Filipiny, to warto rzuci\u0107 okiem na wysp\u0119 Bantayan. Bantayan Island le\u017cyw archipelagu Visayas na p\u00f3\u0142noc od wyspy Cebu. Dotrzesz tam &#8230; Read More EN &#8211; Gdzie na Filipinach sp\u0119dzi\u0107 wakacje pod opiek\u0105 rezydenta m\u00f3wi\u0105cego po polsku ...\" \/>\n<meta property=\"og:url\" content=\"https:\/\/bantayanparadise.com\/pl\/blog\/\" \/>\n<meta property=\"og:site_name\" content=\"Bantayan Paradise\" \/>\n<meta property=\"article:modified_time\" content=\"2026-01-31T19:21:37+00:00\" \/>\n<meta property=\"og:image\" content=\"https:\/\/bantayanparadise.com\/wp-content\/uploads\/2023\/05\/galen-crout-anPsLBVvZ_o-unsplash.jpg\" \/>\n<meta name=\"twitter:card\" content=\"summary_large_image\" \/>\n<meta name=\"twitter:label1\" content=\"Szacowany czas czytania\" \/>\n\t<meta name=\"twitter:data1\" content=\"2 minuty\" \/>\n<script type=\"application\/ld+json\" class=\"yoast-schema-graph\">{\"@context\":\"https:\\\/\\\/schema.org\",\"@graph\":[{\"@type\":\"WebPage\",\"@id\":\"https:\\\/\\\/bantayanparadise.com\\\/pl\\\/blog\\\/\",\"url\":\"https:\\\/\\\/bantayanparadise.com\\\/pl\\\/blog\\\/\",\"name\":\"Blog - Bantayan Paradise\",\"isPartOf\":{\"@id\":\"https:\\\/\\\/bantayanparadise.com\\\/#website\"},\"primaryImageOfPage\":{\"@id\":\"https:\\\/\\\/bantayanparadise.com\\\/pl\\\/blog\\\/#primaryimage\"},\"image\":{\"@id\":\"https:\\\/\\\/bantayanparadise.com\\\/pl\\\/blog\\\/#primaryimage\"},\"thumbnailUrl\":\"https:\\\/\\\/bantayanparadise.com\\\/wp-content\\\/uploads\\\/2023\\\/05\\\/galen-crout-anPsLBVvZ_o-unsplash.jpg\",\"datePublished\":\"2023-03-19T01:55:37+00:00\",\"dateModified\":\"2026-01-31T19:21:37+00:00\",\"breadcrumb\":{\"@id\":\"https:\\\/\\\/bantayanparadise.com\\\/pl\\\/blog\\\/#breadcrumb\"},\"inLanguage\":\"pl-PL\",\"potentialAction\":[{\"@type\":\"ReadAction\",\"target\":[\"https:\\\/\\\/bantayanparadise.com\\\/pl\\\/blog\\\/\"]}]},{\"@type\":\"ImageObject\",\"inLanguage\":\"pl-PL\",\"@id\":\"https:\\\/\\\/bantayanparadise.com\\\/pl\\\/blog\\\/#primaryimage\",\"url\":\"https:\\\/\\\/bantayanparadise.com\\\/wp-content\\\/uploads\\\/2023\\\/05\\\/galen-crout-anPsLBVvZ_o-unsplash.jpg\",\"contentUrl\":\"https:\\\/\\\/bantayanparadise.com\\\/wp-content\\\/uploads\\\/2023\\\/05\\\/galen-crout-anPsLBVvZ_o-unsplash.jpg\"},{\"@type\":\"BreadcrumbList\",\"@id\":\"https:\\\/\\\/bantayanparadise.com\\\/pl\\\/blog\\\/#breadcrumb\",\"itemListElement\":[{\"@type\":\"ListItem\",\"position\":1,\"name\":\"Home\",\"item\":\"https:\\\/\\\/bantayanparadise.com\\\/\"},{\"@type\":\"ListItem\",\"position\":2,\"name\":\"Blog\"}]},{\"@type\":\"WebSite\",\"@id\":\"https:\\\/\\\/bantayanparadise.com\\\/#website\",\"url\":\"https:\\\/\\\/bantayanparadise.com\\\/\",\"name\":\"Bantayan Paradise\",\"description\":\"Wynajem apartament\u00f3w na Filipinach\",\"publisher\":{\"@id\":\"https:\\\/\\\/bantayanparadise.com\\\/#organization\"},\"potentialAction\":[{\"@type\":\"SearchAction\",\"target\":{\"@type\":\"EntryPoint\",\"urlTemplate\":\"https:\\\/\\\/bantayanparadise.com\\\/?s={search_term_string}\"},\"query-input\":{\"@type\":\"PropertyValueSpecification\",\"valueRequired\":true,\"valueName\":\"search_term_string\"}}],\"inLanguage\":\"pl-PL\"},{\"@type\":\"Organization\",\"@id\":\"https:\\\/\\\/bantayanparadise.com\\\/#organization\",\"name\":\"Bantayan Paradise\",\"url\":\"https:\\\/\\\/bantayanparadise.com\\\/\",\"logo\":{\"@type\":\"ImageObject\",\"inLanguage\":\"pl-PL\",\"@id\":\"https:\\\/\\\/bantayanparadise.com\\\/#\\\/schema\\\/logo\\\/image\\\/\",\"url\":\"https:\\\/\\\/bantayanparadise.com\\\/wp-content\\\/uploads\\\/2025\\\/12\\\/logo.png\",\"contentUrl\":\"https:\\\/\\\/bantayanparadise.com\\\/wp-content\\\/uploads\\\/2025\\\/12\\\/logo.png\",\"width\":480,\"height\":160,\"caption\":\"Bantayan Paradise\"},\"image\":{\"@id\":\"https:\\\/\\\/bantayanparadise.com\\\/#\\\/schema\\\/logo\\\/image\\\/\"}}]}<\/script>\n<!-- \/ Yoast SEO plugin. -->","yoast_head_json":{"title":"Blog - Bantayan Paradise","robots":{"index":"index","follow":"follow","max-snippet":"max-snippet:-1","max-image-preview":"max-image-preview:large","max-video-preview":"max-video-preview:-1"},"canonical":"https:\/\/bantayanparadise.com\/pl\/blog\/","og_locale":"pl_PL","og_type":"article","og_title":"Blog - Bantayan Paradise","og_description":"Wiadomo\u015bci i blog Wiadomo\u015bci ENGLISH &#8211; Jak\u0105 wysp\u0119 wybra\u0107 przy planowaniu wycieczki na Filipiny? Je\u015bli my\u015blisz o wyje\u017adzie na Filipiny, to warto rzuci\u0107 okiem na wysp\u0119 Bantayan. Bantayan Island le\u017cyw archipelagu Visayas na p\u00f3\u0142noc od wyspy Cebu. Dotrzesz tam &#8230; Read More EN &#8211; Gdzie na Filipinach sp\u0119dzi\u0107 wakacje pod opiek\u0105 rezydenta m\u00f3wi\u0105cego po polsku ...","og_url":"https:\/\/bantayanparadise.com\/pl\/blog\/","og_site_name":"Bantayan Paradise","article_modified_time":"2026-01-31T19:21:37+00:00","og_image":[{"url":"https:\/\/bantayanparadise.com\/wp-content\/uploads\/2023\/05\/galen-crout-anPsLBVvZ_o-unsplash.jpg","type":"","width":"","height":""}],"twitter_card":"summary_large_image","twitter_misc":{"Szacowany czas czytania":"2 minuty"},"schema":{"@context":"https:\/\/schema.org","@graph":[{"@type":"WebPage","@id":"https:\/\/bantayanparadise.com\/pl\/blog\/","url":"https:\/\/bantayanparadise.com\/pl\/blog\/","name":"Blog - Bantayan Paradise","isPartOf":{"@id":"https:\/\/bantayanparadise.com\/#website"},"primaryImageOfPage":{"@id":"https:\/\/bantayanparadise.com\/pl\/blog\/#primaryimage"},"image":{"@id":"https:\/\/bantayanparadise.com\/pl\/blog\/#primaryimage"},"thumbnailUrl":"https:\/\/bantayanparadise.com\/wp-content\/uploads\/2023\/05\/galen-crout-anPsLBVvZ_o-unsplash.jpg","datePublished":"2023-03-19T01:55:37+00:00","dateModified":"2026-01-31T19:21:37+00:00","breadcrumb":{"@id":"https:\/\/bantayanparadise.com\/pl\/blog\/#breadcrumb"},"inLanguage":"pl-PL","potentialAction":[{"@type":"ReadAction","target":["https:\/\/bantayanparadise.com\/pl\/blog\/"]}]},{"@type":"ImageObject","inLanguage":"pl-PL","@id":"https:\/\/bantayanparadise.com\/pl\/blog\/#primaryimage","url":"https:\/\/bantayanparadise.com\/wp-content\/uploads\/2023\/05\/galen-crout-anPsLBVvZ_o-unsplash.jpg","contentUrl":"https:\/\/bantayanparadise.com\/wp-content\/uploads\/2023\/05\/galen-crout-anPsLBVvZ_o-unsplash.jpg"},{"@type":"BreadcrumbList","@id":"https:\/\/bantayanparadise.com\/pl\/blog\/#breadcrumb","itemListElement":[{"@type":"ListItem","position":1,"name":"Home","item":"https:\/\/bantayanparadise.com\/"},{"@type":"ListItem","position":2,"name":"Blog"}]},{"@type":"WebSite","@id":"https:\/\/bantayanparadise.com\/#website","url":"https:\/\/bantayanparadise.com\/","name":"Bantayan Paradise","description":"Wynajem apartament\u00f3w na Filipinach","publisher":{"@id":"https:\/\/bantayanparadise.com\/#organization"},"potentialAction":[{"@type":"SearchAction","target":{"@type":"EntryPoint","urlTemplate":"https:\/\/bantayanparadise.com\/?s={search_term_string}"},"query-input":{"@type":"PropertyValueSpecification","valueRequired":true,"valueName":"search_term_string"}}],"inLanguage":"pl-PL"},{"@type":"Organization","@id":"https:\/\/bantayanparadise.com\/#organization","name":"Bantayan Paradise","url":"https:\/\/bantayanparadise.com\/","logo":{"@type":"ImageObject","inLanguage":"pl-PL","@id":"https:\/\/bantayanparadise.com\/#\/schema\/logo\/image\/","url":"https:\/\/bantayanparadise.com\/wp-content\/uploads\/2025\/12\/logo.png","contentUrl":"https:\/\/bantayanparadise.com\/wp-content\/uploads\/2025\/12\/logo.png","width":480,"height":160,"caption":"Bantayan Paradise"},"image":{"@id":"https:\/\/bantayanparadise.com\/#\/schema\/logo\/image\/"}}]}},"jetpack_sharing_enabled":true,"_links":{"self":[{"href":"https:\/\/bantayanparadise.com\/pl\/wp-json\/wp\/v2\/pages\/3178","targetHints":{"allow":["GET"]}}],"collection":[{"href":"https:\/\/bantayanparadise.com\/pl\/wp-json\/wp\/v2\/pages"}],"about":[{"href":"https:\/\/bantayanparadise.com\/pl\/wp-json\/wp\/v2\/types\/page"}],"author":[{"embeddable":true,"href":"https:\/\/bantayanparadise.com\/pl\/wp-json\/wp\/v2\/users\/1"}],"replies":[{"embeddable":true,"href":"https:\/\/bantayanparadise.com\/pl\/wp-json\/wp\/v2\/comments?post=3178"}],"version-history":[{"count":3,"href":"https:\/\/bantayanparadise.com\/pl\/wp-json\/wp\/v2\/pages\/3178\/revisions"}],"predecessor-version":[{"id":3181,"href":"https:\/\/bantayanparadise.com\/pl\/wp-json\/wp\/v2\/pages\/3178\/revisions\/3181"}],"wp:attachment":[{"href":"https:\/\/bantayanparadise.com\/pl\/wp-json\/wp\/v2\/media?parent=3178"}],"curies":[{"name":"wp","href":"https:\/\/api.w.org\/{rel}","templated":true}]}}